{"id":5,"date":"2025-11-17T13:18:00","date_gmt":"2025-11-17T13:18:00","guid":{"rendered":"https:\/\/amzobvioagency.com\/?page_id=5"},"modified":"2025-11-17T15:25:37","modified_gmt":"2025-11-17T15:25:37","slug":"accueil","status":"publish","type":"page","link":"https:\/\/amzobvioagency.com\/","title":{"rendered":"Accueil"},"content":{"rendered":"\n<!DOCTYPE html>\n<html lang=\"fr\">\n<head>\n    <meta charset=\"UTF-8\">\n    <meta name=\"viewport\" content=\"width=device-width, initial-scale=1.0\">\n    <title>Agence Amazon &#8211; Boostez vos ventes<\/title>\n    <link href=\"https:\/\/fonts.googleapis.com\/css2?family=Inter:wght@300;400;500;600;700&#038;display=swap\" rel=\"stylesheet\">\n    <style>\n        :root {\n            --primary: #4361ee;\n            --primary-light: #e2e8f0;\n            --secondary: #38bdf8;\n            --dark: #1e293b;\n            --light: #f8fafc;\n            --gray: #94a3b8;\n            --success: #10b981;\n            --danger: #ef4444;\n            --font-main: 'Inter', sans-serif;\n        }\n\n        * {\n            margin: 0;\n            padding: 0;\n            box-sizing: border-box;\n        }\n\n        body {\n            font-family: var(--font-main);\n            color: var(--dark);\n            line-height: 1.6;\n            background-color: var(--light);\n        }\n\n        .container {\n            max-width: 1200px;\n            margin: 0 auto;\n            padding: 0 20px;\n        }\n\n        \/* Hero Section *\/\n        .hero {\n            padding: 80px 0;\n            background: linear-gradient(135deg, #f5f7fa 0%, #c3cfe2 100%);\n        }\n\n        .hero-content {\n            display: flex;\n            flex-direction: column;\n            align-items: center;\n            text-align: center;\n            max-width: 1200px;\n            margin: 0 auto;\n        }\n\n        .hero h1 {\n            font-size: 48px;\n            font-weight: 800;\n            line-height: 1.2;\n            margin-bottom: 20px;\n            color: var(--dark);\n        }\n\n        .hero h1 span {\n            color: var(--primary);\n        }\n\n        .hero p {\n            font-size: 18px;\n            color: #4a5568;\n            margin-bottom: 30px;\n            line-height: 1.6;\n            max-width: 700px;\n        }\n\n        .hero-buttons {\n            display: flex;\n            gap: 15px;\n            justify-content: center;\n            margin-bottom: 50px;\n        }\n\n        .hero-button {\n            padding: 14px 26px;\n            border-radius: 8px;\n            font-weight: 600;\n            transition: all 0.3s ease;\n            text-decoration: none;\n            display: inline-flex;\n            align-items: center;\n            gap: 8px;\n        }\n\n        .primary-button {\n            background-color: var(--primary);\n            color: white;\n        }\n\n        .primary-button:hover {\n            background-color: #3a56d4;\n            transform: translateY(-2px);\n            box-shadow: 0 4px 12px rgba(67,97,238,0.2);\n        }\n\n        .secondary-button {\n            background-color: white;\n            color: var(--primary);\n            border: 2px solid var(--primary);\n        }\n\n        .secondary-button:hover {\n            background-color: rgba(67,97,238,0.1);\n            transform: translateY(-2px);\n            box-shadow: 0 4px 12px rgba(67,97,238,0.1);\n        }\n\n        .stats {\n            display: flex;\n            justify-content: center;\n            gap: 40px;\n            margin-bottom: 40px;\n        }\n\n        .stat-item {\n            display: flex;\n            flex-direction: column;\n            align-items: center;\n        }\n\n        .stat-number {\n            font-size: 24px;\n            font-weight: 700;\n            color: var(--primary);\n            margin-bottom: 8px;\n        }\n\n        .stat-label {\n            font-size: 14px;\n            color: var(--gray);\n            text-align: center;\n        }\n\n        .hero-image {\n            width: 100%;\n            max-width: 800px;\n            margin-top: 40px;\n        }\n\n        .hero-image img {\n            width: 100%;\n            border-radius: 12px;\n            box-shadow: 0 20px 40px rgba(0,0,0,0.08);\n        }\n\n        \/* Services Section *\/\n        .services {\n            padding: 60px 0;\n            background-color: white;\n        }\n\n        .services h2 {\n            text-align: center;\n            font-size: 34px;\n            margin-bottom: 40px;\n            font-weight: 700;\n            color: var(--dark);\n        }\n\n        .services-grid {\n            display: grid;\n            grid-template-columns: repeat(auto-fit, minmax(300px, 1fr));\n            gap: 30px;\n        }\n\n        .service-card {\n            background-color: white;\n            border-radius: 12px;\n            padding: 30px;\n            box-shadow: 0 4px 6px rgba(0,0,0,0.05);\n            transition: transform 0.3s ease, box-shadow 0.3s ease;\n        }\n\n        .service-card:hover {\n            transform: translateY(-5px);\n            box-shadow: 0 10px 20px rgba(0,0,0,0.1);\n        }\n\n        .service-icon {\n            width: 50px;\n            height: 50px;\n            margin-bottom: 20px;\n            color: var(--primary);\n        }\n\n        .service-title {\n            font-size: 22px;\n            font-weight: 600;\n            margin-bottom: 15px;\n            color: var(--dark);\n        }\n\n        .service-description {\n            font-size: 16px;\n            color: #4a5568;\n            margin-bottom: 20px;\n        }\n\n        .service-features {\n            list-style-type: none;\n        }\n\n        .service-features li {\n            display: flex;\n            align-items: center;\n            margin-bottom: 10px;\n            font-size: 14px;\n            color: #4a5568;\n        }\n\n        .service-features li::before {\n            content: \"\u2022\";\n            margin-right: 10px;\n            color: var(--primary);\n        }\n\n        \/* Why Choose Us Section *\/\n        .why-choose-us {\n            padding: 60px 0;\n            background-color: var(--light);\n        }\n\n        .why-choose-us-content {\n            display: flex;\n            flex-direction: column;\n            align-items: center;\n            text-align: center;\n        }\n\n        .why-choose-us h2 {\n            font-size: 34px;\n            margin-bottom: 20px;\n            font-weight: 700;\n            color: var(--dark);\n        }\n\n        .why-choose-us p {\n            font-size: 18px;\n            color: #4a5568;\n            margin-bottom: 40px;\n            max-width: 700px;\n        }\n\n        .why-choose-us-features {\n            display: grid;\n            grid-template-columns: repeat(auto-fit, minmax(250px, 1fr));\n            gap: 30px;\n            margin-top: 30px;\n        }\n\n        .why-choose-us-feature {\n            background-color: white;\n            border-radius: 12px;\n            padding: 30px;\n            box-shadow: 0 4px 6px rgba(0,0,0,0.05);\n        }\n\n        .why-choose-us-feature h3 {\n            font-size: 20px;\n            font-weight: 600;\n            margin-bottom: 15px;\n            color: var(--dark);\n        }\n\n        .why-choose-us-feature p {\n            font-size: 16px;\n            color: #4a5568;\n        }\n\n        .stats-cards {\n            display: grid;\n            grid-template-columns: repeat(auto-fit, minmax(200px, 1fr));\n            gap: 30px;\n            margin-top: 40px;\n        }\n\n        .stat-card {\n            background-color: white;\n            border-radius: 12px;\n            padding: 30px;\n            box-shadow: 0 4px 6px rgba(0,0,0,0.05);\n            text-align: center;\n        }\n\n        .stat-card-icon {\n            width: 50px;\n            height: 50px;\n            margin-bottom: 20px;\n            color: var(--primary);\n        }\n\n        .stat-card-number {\n            font-size: 24px;\n            font-weight: 700;\n            color: var(--primary);\n            margin-bottom: 8px;\n        }\n\n        .stat-card-label {\n            font-size: 14px;\n            color: #4a5568;\n        }\n\n        \/* CTA Section *\/\n        .cta {\n            padding: 80px 0;\n            text-align: center;\n            background: linear-gradient(135deg, #f5f7fa 0%, #c3cfe2 100%);\n        }\n\n        .cta h2 {\n            font-size: 34px;\n            font-weight: 700;\n            margin-bottom: 25px;\n            color: var(--dark);\n        }\n\n        .cta-button {\n            background-color: var(--primary);\n            color: white;\n            padding: 16px 32px;\n            border-radius: 8px;\n            font-weight: 700;\n            font-size: 18px;\n            transition: all 0.3s ease;\n            text-decoration: none;\n        }\n\n        .cta-button:hover {\n            background-color: #3a56d4;\n            transform: translateY(-2px);\n            box-shadow: 0 4px 12px rgba(67,97,238,0.2);\n        }\n\n        \/* Responsive *\/\n        @media (max-width: 768px) {\n            .hero h1 {\n                font-size: 36px;\n            }\n\n            .hero p {\n                font-size: 16px;\n            }\n\n            .hero-buttons {\n                flex-direction: column;\n                align-items: center;\n            }\n\n            .hero-button {\n                width: 100%;\n                max-width: 300px;\n            }\n\n            .stats {\n                flex-direction: column;\n                align-items: center;\n            }\n\n            .why-choose-us-features {\n                grid-template-columns: 1fr;\n            }\n\n            .stats-cards {\n                grid-template-columns: 1fr 1fr;\n            }\n        }\n    <\/style>\n<\/head>\n<body>\n    <!-- Hero Section -->\n    <section class=\"hero\">\n        <div class=\"hero-content\">\n            <h1>Boostez vos <span>ventes Amazon<\/span> gr\u00e2ce \u00e0 une expertise certifi\u00e9e<\/h1>\n            <p>Optimisation des listings, Amazon Ads, gestion compl\u00e8te de compte et strat\u00e9gies de croissance pour les marques e-commerce. Nos solutions \u00e9prouv\u00e9es vous aident \u00e0 maximiser vos revenus sur Amazon.<\/p>\n\n            <div class=\"hero-buttons\">\n                <a href=\"\/audit-gratuit-amazon\" class=\"hero-button primary-button\">\n                    Audit Amazon Gratuit\n                    <svg xmlns=\"http:\/\/www.w3.org\/2000\/svg\" width=\"16\" height=\"16\" viewBox=\"0 0 24 24\" fill=\"none\" stroke=\"currentColor\" stroke-width=\"2\" stroke-linecap=\"round\" stroke-linejoin=\"round\">\n                        <polyline points=\"9 18 15 12 9 6\"><\/polyline>\n                    <\/svg>\n                <\/a>\n                <a href=\"\/contact\" class=\"hero-button secondary-button\">Nous contacter<\/a>\n            <\/div>\n\n            <div class=\"stats\">\n                <div class=\"stat-item\">\n                    <div class=\"stat-number\">500+<\/div>\n                    <div class=\"stat-label\">Produits lanc\u00e9s<\/div>\n                <\/div>\n                <div class=\"stat-item\">\n                    <div class=\"stat-number\">200+<\/div>\n                    <div class=\"stat-label\">Clients satisfaits<\/div>\n                <\/div>\n                <div class=\"stat-item\">\n                    <div class=\"stat-number\">4.9\/5<\/div>\n                    <div class=\"stat-label\">Note client<\/div>\n                <\/div>\n            <\/div>\n\n            <div class=\"hero-image\">\n                <img decoding=\"async\" src=\"https:\/\/via.placeholder.com\/800x450\" alt=\"Tableau de bord de croissance Amazon\">\n            <\/div>\n        <\/div>\n    <\/section>\n\n    <!-- Services Section -->\n    <section class=\"services\">\n        <div class=\"container\">\n            <h2>Nos services Amazon<\/h2>\n\n            <div class=\"services-grid\">\n                <!-- Service 1 -->\n                <div class=\"service-card\">\n                    <div class=\"service-icon\">\n                        <svg xmlns=\"http:\/\/www.w3.org\/2000\/svg\" width=\"100%\" height=\"100%\" viewBox=\"0 0 24 24\" fill=\"none\" stroke=\"currentColor\" stroke-width=\"2\" stroke-linecap=\"round\" stroke-linejoin=\"round\">\n                            <circle cx=\"11\" cy=\"11\" r=\"8\"><\/circle>\n                            <path d=\"M21 21l-5-5\"><\/path>\n                        <\/svg>\n                    <\/div>\n                    <h3 class=\"service-title\">Recherche de produits &#038; Sourcing<\/h3>\n                    <p class=\"service-description\">Nous identifions des produits rentables avec une forte demande et une faible concurrence, puis les sour\u00e7ons aupr\u00e8s de fournisseurs fiables.<\/p>\n                    <ul class=\"service-features\">\n                        <li>Analyse de march\u00e9<\/li>\n                        <li>V\u00e9rification des fournisseurs<\/li>\n                        <li>Contr\u00f4le de qualit\u00e9<\/li>\n                        <li>Optimisation de la marge b\u00e9n\u00e9ficiaire<\/li>\n                    <\/ul>\n                <\/div>\n\n                <!-- Service 2 -->\n                <div class=\"service-card\">\n                    <div class=\"service-icon\">\n                        <svg xmlns=\"http:\/\/www.w3.org\/2000\/svg\" width=\"100%\" height=\"100%\" viewBox=\"0 0 24 24\" fill=\"none\" stroke=\"currentColor\" stroke-width=\"2\" stroke-linecap=\"round\" stroke-linejoin=\"round\">\n                            <path d=\"M12 20H15L21 14V8L15 2H9L3 8V14L9 20Z\"><\/path>\n                            <path d=\"M9 12H15\"><\/path>\n                            <path d=\"M12 2V20\"><\/path>\n                        <\/svg>\n                    <\/div>\n                    <h3 class=\"service-title\">Optimisation des listings<\/h3>\n                    <p class=\"service-description\">Convertissez plus de visiteurs en acheteurs avec des listings convaincants qui se classent mieux et se vendent plus vite.<\/p>\n                    <ul class=\"service-features\">\n                        <li>Recherche de mots-cl\u00e9s<\/li>\n                        <li>Contenu A+<\/li>\n                        <li>Optimisation des images<\/li>\n                        <li>Optimisation du taux de conversion<\/li>\n                    <\/ul>\n                <\/div>\n\n                <!-- Service 3 -->\n                <div class=\"service-card\">\n                    <div class=\"service-icon\">\n                        <svg xmlns=\"http:\/\/www.w3.org\/2000\/svg\" width=\"100%\" height=\"100%\" viewBox=\"0 0 24 24\" fill=\"none\" stroke=\"currentColor\" stroke-width=\"2\" stroke-linecap=\"round\" stroke-linejoin=\"round\">\n                            <path d=\"M12 20H15L21 14V8L15 2H9L3 8V14L9 20Z\"><\/path>\n                            <path d=\"M9 12H15\"><\/path>\n                            <path d=\"M12 2V20\"><\/path>\n                        <\/svg>\n                    <\/div>\n                    <h3 class=\"service-title\">Gestion PPC<\/h3>\n                    <p class=\"service-description\">Maximisez votre ROI avec des campagnes publicitaires bas\u00e9es sur les donn\u00e9es qui g\u00e9n\u00e8rent une croissance rentable.<\/p>\n                    <ul class=\"service-features\">\n                        <li>Configuration de campagne<\/li>\n                        <li>Optimisation des ench\u00e8res<\/li>\n                        <li>Extension des mots-cl\u00e9s<\/li>\n                        <li>Suivi des performances<\/li>\n                    <\/ul>\n                <\/div>\n\n                <!-- Service 4 -->\n                <div class=\"service-card\">\n                    <div class=\"service-icon\">\n                        <svg xmlns=\"http:\/\/www.w3.org\/2000\/svg\" width=\"100%\" height=\"100%\" viewBox=\"0 0 24 24\" fill=\"none\" stroke=\"currentColor\" stroke-width=\"2\" stroke-linecap=\"round\" stroke-linejoin=\"round\">\n                            <path d=\"M12 20H15L21 14V8L15 2H9L3 8V14L9 20Z\"><\/path>\n                            <path d=\"M9 12H15\"><\/path>\n                            <path d=\"M12 2V20\"><\/path>\n                        <\/svg>\n                    <\/div>\n                    <h3 class=\"service-title\">Enregistrement et protection de marque<\/h3>\n                    <p class=\"service-description\">Prot\u00e9gez votre marque et d\u00e9bloquez des fonctionnalit\u00e9s de vente avanc\u00e9es avec des services d&rsquo;enregistrement de marque professionnels.<\/p>\n                    <ul class=\"service-features\">\n                        <li>Support de marque d\u00e9pos\u00e9e<\/li>\n                        <li>Enregistrement de marque<\/li>\n                        <li>Protection des droits de propri\u00e9t\u00e9 intellectuelle<\/li>\n                    <\/ul>\n                <\/div>\n\n                <!-- Service 5 -->\n                <div class=\"service-card\">\n                    <div class=\"service-icon\">\n                        <svg xmlns=\"http:\/\/www.w3.org\/2000\/svg\" width=\"100%\" height=\"100%\" viewBox=\"0 0 24 24\" fill=\"none\" stroke=\"currentColor\" stroke-width=\"2\" stroke-linecap=\"round\" stroke-linejoin=\"round\">\n                            <path d=\"M12 20H15L21 14V8L15 2H9L3 8V14L9 20Z\"><\/path>\n                            <path d=\"M9 12H15\"><\/path>\n                            <path d=\"M12 2V20\"><\/path>\n                        <\/svg>\n                    <\/div>\n                    <h3 class=\"service-title\">Gestion de compte<\/h3>\n                    <p class=\"service-description\">Gestion compl\u00e8te de compte Amazon pour g\u00e9rer tous les aspects de votre activit\u00e9 commerciale.<\/p>\n                    <ul class=\"service-features\">\n                        <li>Gestion quotidienne<\/li>\n                        <li>Suivi des performances<\/li>\n                        <li>R\u00e9solution des probl\u00e8mes<\/li>\n                    <\/ul>\n                <\/div>\n\n                <!-- Service 6 -->\n                <div class=\"service-card\">\n                    <div class=\"service-icon\">\n                        <svg xmlns=\"http:\/\/www.w3.org\/2000\/svg\" width=\"100%\" height=\"100%\" viewBox=\"0 0 24 24\" fill=\"none\" stroke=\"currentColor\" stroke-width=\"2\" stroke-linecap=\"round\" stroke-linejoin=\"round\">\n                            <path d=\"M12 20H15L21 14V8L15 2H9L3 8V14L9 20Z\"><\/path>\n                            <path d=\"M9 12H15\"><\/path>\n                            <path d=\"M12 2V20\"><\/path>\n                        <\/svg>\n                    <\/div>\n                    <h3 class=\"service-title\">Gestion des risques<\/h3>\n                    <p class=\"service-description\">Prot\u00e9gez votre activit\u00e9 contre les suspensions, les pirates et autres risques sp\u00e9cifiques \u00e0 Amazon.<\/p>\n                    <ul class=\"service-features\">\n                        <li>Surveillance de la conformit\u00e9<\/li>\n                        <li>Pr\u00e9vention des suspensions<\/li>\n                        <li>Sant\u00e9 du compte<\/li>\n                    <\/ul>\n                <\/div>\n            <\/div>\n        <\/div>\n    <\/section>\n\n    <!-- Why Choose Us Section -->\n    <section class=\"why-choose-us\">\n        <div class=\"container\">\n            <div class=\"why-choose-us-content\">\n                <h2>Pourquoi choisir notre agence Amazon ?<\/h2>\n                <p>Nous ne sommes pas juste une autre agence Amazon. Nous sommes vos partenaires strat\u00e9giques pour construire une activit\u00e9 Amazon durable et rentable qui r\u00e9siste \u00e0 l&rsquo;\u00e9preuve du temps.<\/p>\n\n                <div class=\"why-choose-us-features\">\n                    <div class=\"why-choose-us-feature\">\n                        <h3>Exp\u00e9rience prouv\u00e9e<\/h3>\n                        <p>Plus de 200 lancements de produits r\u00e9ussis et 50M+ de revenus g\u00e9n\u00e9r\u00e9s pour nos clients.<\/p>\n                    <\/div>\n\n                    <div class=\"why-choose-us-feature\">\n                        <h3>Approche bas\u00e9e sur les donn\u00e9es<\/h3>\n                        <p>Toute d\u00e9cision est soutenue par une recherche de march\u00e9 compl\u00e8te et des analyses de performance.<\/p>\n                    <\/div>\n\n                    <div class=\"why-choose-us-feature\">\n                        <h3>Transparence totale<\/h3>\n                        <p>Visibilit\u00e9 compl\u00e8te sur nos processus, strat\u00e9gies et r\u00e9sultats gr\u00e2ce \u00e0 des rapports d\u00e9taill\u00e9s.<\/p>\n                    <\/div>\n                <\/div>\n\n                <div class=\"stats-cards\">\n                    <div class=\"stat-card\">\n                        <div class=\"stat-card-icon\">\n                            <svg xmlns=\"http:\/\/www.w3.org\/2000\/svg\" width=\"100%\" height=\"100%\" viewBox=\"0 0 24 24\" fill=\"none\" stroke=\"currentColor\" stroke-width=\"2\" stroke-linecap=\"round\" stroke-linejoin=\"round\">\n                                <path d=\"M12 20H15L21 14V8L15 2H9L3 8V14L9 20Z\"><\/path>\n                                <path d=\"M9 12H15\"><\/path>\n                                <path d=\"M12 2V20\"><\/path>\n                            <\/svg>\n                        <\/div>\n                        <div class=\"stat-card-number\">5+<\/div>\n                        <div class=\"stat-card-label\">Ann\u00e9e d&rsquo;exp\u00e9rience<\/div>\n                    <\/div>\n\n                    <div class=\"stat-card\">\n                        <div class=\"stat-card-icon\">\n                            <svg xmlns=\"http:\/\/www.w3.org\/2000\/svg\" width=\"100%\" height=\"100%\" viewBox=\"0 0 24 24\" fill=\"none\" stroke=\"currentColor\" stroke-width=\"2\" stroke-linecap=\"round\" stroke-linejoin=\"round\">\n                                <path d=\"M12 20H15L21 14V8L15 2H9L3 8V14L9 20Z\"><\/path>\n                                <path d=\"M9 12H15\"><\/path>\n                                <path d=\"M12 2V20\"><\/path>\n                            <\/svg>\n                        <\/div>\n                        <div class=\"stat-card-number\">200+<\/div>\n                        <div class=\"stat-card-label\">Histoires de succ\u00e8s<\/div>\n                    <\/div>\n\n                    <div class=\"stat-card\">\n                        <div class=\"stat-card-icon\">\n                            <svg xmlns=\"http:\/\/www.w3.org\/2000\/svg\" width=\"100%\" height=\"100%\" viewBox=\"0 0 24 24\" fill=\"none\" stroke=\"currentColor\" stroke-width=\"2\" stroke-linecap=\"round\" stroke-linejoin=\"round\">\n                                <path d=\"M12 20H15L21 14V8L15 2H9L3 8V14L9 20Z\"><\/path>\n                                <path d=\"M9 12H15\"><\/path>\n                                <path d=\"M12 2V20\"><\/path>\n                            <\/svg>\n                        <\/div>\n                        <div class=\"stat-card-number\">50M+<\/div>\n                        <div class=\"stat-card-label\">Revenu g\u00e9n\u00e9r\u00e9<\/div>\n                    <\/div>\n\n                    <div class=\"stat-card\">\n                        <div class=\"stat-card-icon\">\n                            <svg xmlns=\"http:\/\/www.w3.org\/2000\/svg\" width=\"100%\" height=\"100%\" viewBox=\"0 0 24 24\" fill=\"none\" stroke=\"currentColor\" stroke-width=\"2\" stroke-linecap=\"round\" stroke-linejoin=\"round\">\n                                <path d=\"M12 20H15L21 14V8L15 2H9L3 8V14L9 20Z\"><\/path>\n                                <path d=\"M9 12H15\"><\/path>\n                                <path d=\"M12 2V20\"><\/path>\n                            <\/svg>\n                        <\/div>\n                        <div class=\"stat-card-number\">24\/7<\/div>\n                        <div class=\"stat-card-label\">Support disponible<\/div>\n                    <\/div>\n                <\/div>\n            <\/div>\n        <\/div>\n    <\/section>\n\n    <!-- CTA Section -->\n    <section class=\"cta\">\n        <div class=\"container\">\n            <h2>Pr\u00eat \u00e0 d\u00e9velopper votre activit\u00e9 Amazon ?<\/h2>\n            <a href=\"\/audit-gratuit-amazon\" class=\"cta-button\">\n                Audit Amazon Gratuit\n            <\/a>\n        <\/div>\n    <\/section>\n<\/body>\n<\/html>\n\n\n\n\n<p><\/p>\n","protected":false},"excerpt":{"rendered":"<p>Agence Amazon &#8211; Boostez vos ventes Boostez vos ventes Amazon gr\u00e2ce \u00e0 une expertise certifi\u00e9e Optimisation des listings, Amazon Ads, gestion compl\u00e8te de compte et strat\u00e9gies de croissance pour les marques e-commerce. Nos solutions \u00e9prouv\u00e9es vous aident \u00e0 maximiser vos revenus sur Amazon. Audit Amazon Gratuit Nous contacter 500+ Produits lanc\u00e9s 200+ Clients satisfaits 4.9\/5&#8230;<\/p>\n","protected":false},"author":1,"featured_media":0,"parent":0,"menu_order":0,"comment_status":"closed","ping_status":"closed","template":"","meta":{"_kad_post_transparent":"","_kad_post_title":"","_kad_post_layout":"","_kad_post_sidebar_id":"","_kad_post_content_style":"","_kad_post_vertical_padding":"","_kad_post_feature":"","_kad_post_feature_position":"","_kad_post_header":false,"_kad_post_footer":false,"_kad_post_classname":"","footnotes":""},"class_list":["post-5","page","type-page","status-publish","hentry"],"_hostinger_reach_plugin_has_subscription_block":false,"_hostinger_reach_plugin_is_elementor":false,"_links":{"self":[{"href":"https:\/\/amzobvioagency.com\/index.php?rest_route=\/wp\/v2\/pages\/5","targetHints":{"allow":["GET"]}}],"collection":[{"href":"https:\/\/amzobvioagency.com\/index.php?rest_route=\/wp\/v2\/pages"}],"about":[{"href":"https:\/\/amzobvioagency.com\/index.php?rest_route=\/wp\/v2\/types\/page"}],"author":[{"embeddable":true,"href":"https:\/\/amzobvioagency.com\/index.php?rest_route=\/wp\/v2\/users\/1"}],"replies":[{"embeddable":true,"href":"https:\/\/amzobvioagency.com\/index.php?rest_route=%2Fwp%2Fv2%2Fcomments&post=5"}],"version-history":[{"count":6,"href":"https:\/\/amzobvioagency.com\/index.php?rest_route=\/wp\/v2\/pages\/5\/revisions"}],"predecessor-version":[{"id":43,"href":"https:\/\/amzobvioagency.com\/index.php?rest_route=\/wp\/v2\/pages\/5\/revisions\/43"}],"wp:attachment":[{"href":"https:\/\/amzobvioagency.com\/index.php?rest_route=%2Fwp%2Fv2%2Fmedia&parent=5"}],"curies":[{"name":"wp","href":"https:\/\/api.w.org\/{rel}","templated":true}]}}